{"id":20,"date":"2017-08-01T12:00:47","date_gmt":"2017-08-01T10:00:47","guid":{"rendered":"http:\/\/www.wichrowewzgorze.info\/?page_id=20"},"modified":"2025-07-28T12:07:08","modified_gmt":"2025-07-28T10:07:08","slug":"start","status":"publish","type":"page","link":"https:\/\/wichrowewzgorze.info\/en\/","title":{"rendered":"Home"},"content":{"rendered":"<div class=\"wpb-content-wrapper\"><p>[vc_row full_width=&#8221;stretch_row_content_no_spaces&#8221;][vc_column][vc_single_image alignment=&#8221;center&#8221; css=&#8221;&#8221; image=&#8221;319&#8243;][\/vc_column][\/vc_row][vc_row][vc_column]<h2 class=\"boc_heading  al_left  \"  style=\"margin-bottom: 20px;margin-top: 0px;color: #333333;\"><span>Our <strong>rooms<\/strong><\/span><\/h2><div class=\"boc_divider_holder\"><div class=\"boc_divider  \"  style=\"margin-top: 0px;width: 200px;height: 1px;background: #eeeeee;\"><\/div><\/div>[\/vc_column][\/vc_row][vc_row][vc_column width=&#8221;1\/3&#8243;][vc_single_image add_caption=&#8221;yes&#8221; onclick=&#8221;custom_link&#8221; css=&#8221;.vc_custom_1533386013626{border-top-width: 5px !important;border-right-width: 5px !important;border-bottom-width: 5px !important;border-left-width: 5px !important;border-left-color: #008c3b !important;border-left-style: solid !important;border-right-color: #008c3b !important;border-right-style: solid !important;border-top-color: #008c3b !important;border-top-style: solid !important;border-bottom-color: #008c3b !important;border-bottom-style: solid !important;}&#8221; css_animation=&#8221;boc_animate_when_almost_visible boc_left-to-right&#8221; image=&#8221;175&#8243; link=&#8221;https:\/\/www.wichrowewzgorze.info\/en\/wichrowe-wzgorze\/&#8221;]<h2 class=\"boc_heading wichrowe_edit al_left  boc_animate_when_almost_visible boc_left-to-right\"  style=\"margin-bottom: 20px;margin-top: -10px;color: #333333;font-size: 20px;\"><span>Wichrowe <span style=\"color: #008c3b;\">Wzg\u00f3rze<\/span><\/span><\/h2>[\/vc_column][vc_column width=&#8221;1\/3&#8243;][vc_single_image onclick=&#8221;custom_link&#8221; css=&#8221;.vc_custom_1533386020466{border-top-width: 5px !important;border-right-width: 5px !important;border-bottom-width: 5px !important;border-left-width: 5px !important;border-left-color: #763d2e !important;border-left-style: solid !important;border-right-color: #763d2e !important;border-right-style: solid !important;border-top-color: #763d2e !important;border-top-style: solid !important;border-bottom-color: #763d2e !important;border-bottom-style: solid !important;border-radius: 2px !important;}&#8221; css_animation=&#8221;boc_animate_when_almost_visible boc_left-to-right&#8221; image=&#8221;773&#8243; link=&#8221;https:\/\/www.wichrowewzgorze.info\/en\/apartament-pantera\/&#8221;]<h2 class=\"boc_heading apartament_edit al_left  boc_animate_when_almost_visible boc_left-to-right\"  style=\"margin-bottom: 20px;margin-top: -10px;color: #333333;font-size: 20px;\"><span>Pantera <span style=\"color: #763d2e;\">suite<\/span><\/span><\/h2>[\/vc_column][vc_column width=&#8221;1\/3&#8243;][vc_single_image onclick=&#8221;custom_link&#8221; css=&#8221;.vc_custom_1533386027299{border-top-width: 5px !important;border-right-width: 5px !important;border-bottom-width: 5px !important;border-left-width: 5px !important;border-left-color: #62a375 !important;border-left-style: solid !important;border-right-color: #62a375 !important;border-right-style: solid !important;border-top-color: #62a375 !important;border-top-style: solid !important;border-bottom-color: #62a375 !important;border-bottom-style: solid !important;}&#8221; css_animation=&#8221;boc_animate_when_almost_visible boc_left-to-right&#8221; image=&#8221;760&#8243; link=&#8221;https:\/\/www.wichrowewzgorze.info\/en\/apartament-orchidea\/&#8221;]<h2 class=\"boc_heading orchidea_edit al_left  boc_animate_when_almost_visible boc_left-to-right\"  style=\"margin-bottom: 20px;margin-top: -10px;color: #333333;font-size: 20px;\"><span>Orchid <span style=\"color: #62a375;\">suite<\/span> <\/span><\/h2>[\/vc_column][\/vc_row][vc_row][vc_column width=&#8221;1\/3&#8243;][vc_single_image add_caption=&#8221;yes&#8221; onclick=&#8221;custom_link&#8221; css=&#8221;.vc_custom_1533386046331{border-top-width: 5px !important;border-right-width: 5px !important;border-bottom-width: 5px !important;border-left-width: 5px !important;border-left-color: #d7b56e !important;border-left-style: solid !important;border-right-color: #d7b56e !important;border-right-style: solid !important;border-top-color: #d7b56e !important;border-top-style: solid !important;border-bottom-color: #d7b56e !important;border-bottom-style: solid !important;}&#8221; css_animation=&#8221;boc_animate_when_almost_visible boc_left-to-right&#8221; image=&#8221;762&#8243; link=&#8221;https:\/\/www.wichrowewzgorze.info\/en\/pokoj-chabry\/&#8221;]<h2 class=\"boc_heading chabry_edit al_left  boc_animate_when_almost_visible boc_left-to-right\"  style=\"margin-bottom: 20px;margin-top: -10px;color: #333333;font-size: 20px;\"><span>Cornflower <span style=\"color: #d7b56e;\">room<\/span> <\/span><\/h2>[\/vc_column][vc_column width=&#8221;1\/3&#8243;][vc_single_image onclick=&#8221;custom_link&#8221; css=&#8221;.vc_custom_1533386053989{border-top-width: 5px !important;border-right-width: 5px !important;border-bottom-width: 5px !important;border-left-width: 5px !important;border-left-color: #b7be6d !important;border-left-style: solid !important;border-right-color: #b7be6d !important;border-right-style: solid !important;border-top-color: #b7be6d !important;border-top-style: solid !important;border-bottom-color: #b7be6d !important;border-bottom-style: solid !important;}&#8221; css_animation=&#8221;boc_animate_when_almost_visible boc_left-to-right&#8221; image=&#8221;764&#8243; link=&#8221;https:\/\/www.wichrowewzgorze.info\/en\/pokoj-maki\/&#8221;]<h2 class=\"boc_heading maki_edit al_left  boc_animate_when_almost_visible boc_left-to-right\"  style=\"margin-bottom: 20px;margin-top: -10px;color: #333333;font-size: 20px;\"><span>Poppy <span style=\"color: #b7be6d;\">room<\/span> <\/span><\/h2>[\/vc_column][vc_column width=&#8221;1\/3&#8243;][vc_single_image onclick=&#8221;custom_link&#8221; css=&#8221;.vc_custom_1533386070828{border-top-width: 5px !important;border-right-width: 5px !important;border-bottom-width: 5px !important;border-left-width: 5px !important;border-left-color: #96c22c !important;border-left-style: solid !important;border-right-color: #96c22c !important;border-right-style: solid !important;border-top-color: #96c22c !important;border-top-style: solid !important;border-bottom-color: #96c22c !important;border-bottom-style: solid !important;}&#8221; css_animation=&#8221;boc_animate_when_almost_visible boc_left-to-right&#8221; image=&#8221;774&#8243; link=&#8221;https:\/\/wichrowewzgorze.info\/en\/domki-letnie\/&#8221;]<h2 class=\"boc_heading letnie_edit al_left  boc_animate_when_almost_visible boc_left-to-right\"  style=\"margin-bottom: 20px;margin-top: -10px;color: #333333;font-size: 20px;\"><span>Summer <span style=\"color: #96c22c;\">chalets<\/span> <\/span><\/h2>[\/vc_column][\/vc_row][vc_row full_width=&#8221;stretch_row&#8221; bg_type=&#8221;image&#8221; parallax_style=&#8221;vcpb-vz-jquery&#8221; bg_image_new=&#8221;204&#8243; disable_on_mobile_img_parallax=&#8221;off&#8221; css=&#8221;.vc_custom_1501762122467{margin-top: 40px !important;padding-top: 40px !important;padding-bottom: 40px !important;}&#8221;][vc_column css=&#8221;.vc_custom_1501761439757{padding-top: 40px !important;padding-bottom: 40px !important;}&#8221;][vc_row_inner][vc_column_inner css=&#8221;.vc_custom_1501761910292{padding-top: 20px !important;padding-right: 40px !important;padding-bottom: 20px !important;padding-left: 40px !important;background-color: rgba(0,0,0,0.6) !important;*background-color: rgb(0,0,0) !important;}&#8221;]<h2 class=\"boc_heading  al_left  \"  style=\"margin-bottom: 20px;margin-top: 0px;color: #ffffff;\"><span>Latest <strong>news<\/strong><\/span><\/h2><div class=\"boc_divider_holder\"><div class=\"boc_divider  \"  style=\"margin-top: 0px;margin-bottom: 30px;width: 200px;height: 1px;background: #eeeeee;\"><\/div><\/div><div id = \"post_grid_0137c416cc47776c96406fa1fdfc0116\" class=\"grid_holder \"><div class=\"col span_1_of_3 info_item isotope_element\">\n\t\t\t\t\t\t\t<div class=\"post_item_block  boxed\"><div class=\"pic \"><a href=\"https:\/\/wichrowewzgorze.info\/en\/noclegi-molo-osiek-nowe-atrakcje-w-energylandii\/\"><img decoding=\"async\" src=\"https:\/\/wichrowewzgorze.info\/wp-content\/uploads\/noclegi-molo-osiek-energylandia2020-600x380.jpg\"\/><div class=\"img_overlay\"><span class=\"hover_icon icon_plus\"><\/span><\/div><\/a><\/div><div class=\"post_item_desc dark_links\"><div class=\"small_post_date_left\">\n\t\t\t\t\t\t\t\t\t\t\t\t<span class=\"small_day\">17<\/span>\n\t\t\t\t\t\t\t\t\t\t\t\t<span class=\"small_month\">Mar<\/span>\n\t\t\t\t\t\t\t\t\t\t\t<\/div><div class=\"small_post_desc_right\"><h4><a href=\"https:\/\/wichrowewzgorze.info\/en\/noclegi-molo-osiek-nowe-atrakcje-w-energylandii\/\">Noclegi molo Osiek. Nowe atrakcje w Energylandii!<\/a><\/h4><p>Sorry, this entry is only available in Polski. ...<\/p><a href=\"https:\/\/wichrowewzgorze.info\/en\/noclegi-molo-osiek-nowe-atrakcje-w-energylandii\/\" class='more-link2'>Read more<\/a><\/div>\t\t<\/div>\n\t\t\t\t<\/div>\n\t\t\t\t<\/div><div class=\"col span_1_of_3 info_item isotope_element\">\n\t\t\t\t\t\t\t<div class=\"post_item_block  boxed\"><div class=\"pic \"><a href=\"https:\/\/wichrowewzgorze.info\/en\/noclegi-molo-osiek-weekendowa-okazja\/\"><img decoding=\"async\" src=\"https:\/\/wichrowewzgorze.info\/wp-content\/uploads\/noclegi-molo-osiek-weeekend-600x380.jpg\"\/><div class=\"img_overlay\"><span class=\"hover_icon icon_plus\"><\/span><\/div><\/a><\/div><div class=\"post_item_desc dark_links\"><div class=\"small_post_date_left\">\n\t\t\t\t\t\t\t\t\t\t\t\t<span class=\"small_day\">24<\/span>\n\t\t\t\t\t\t\t\t\t\t\t\t<span class=\"small_month\">Feb<\/span>\n\t\t\t\t\t\t\t\t\t\t\t<\/div><div class=\"small_post_desc_right\"><h4><a href=\"https:\/\/wichrowewzgorze.info\/en\/noclegi-molo-osiek-weekendowa-okazja\/\">(Polski) Noclegi molo Osiek. Weekendowa okazja<\/a><\/h4><p>Sorry, this entry is only available in Polski. ...<\/p><a href=\"https:\/\/wichrowewzgorze.info\/en\/noclegi-molo-osiek-weekendowa-okazja\/\" class='more-link2'>Read more<\/a><\/div>\t\t<\/div>\n\t\t\t\t<\/div>\n\t\t\t\t<\/div><div class=\"col span_1_of_3 info_item isotope_element\">\n\t\t\t\t\t\t\t<div class=\"post_item_block  boxed\"><div class=\"pic \"><a href=\"https:\/\/wichrowewzgorze.info\/en\/noclegi-molo-osiek-zahartuj-sie-z-nami\/\"><img decoding=\"async\" src=\"https:\/\/wichrowewzgorze.info\/wp-content\/uploads\/noclegi-molo-osiek-zahartowanie-600x380.jpg\"\/><div class=\"img_overlay\"><span class=\"hover_icon icon_plus\"><\/span><\/div><\/a><\/div><div class=\"post_item_desc dark_links\"><div class=\"small_post_date_left\">\n\t\t\t\t\t\t\t\t\t\t\t\t<span class=\"small_day\">14<\/span>\n\t\t\t\t\t\t\t\t\t\t\t\t<span class=\"small_month\">Feb<\/span>\n\t\t\t\t\t\t\t\t\t\t\t<\/div><div class=\"small_post_desc_right\"><h4><a href=\"https:\/\/wichrowewzgorze.info\/en\/noclegi-molo-osiek-zahartuj-sie-z-nami\/\">(Polski) Noclegi molo Osiek. Zahartuj si\u0119 z nami!<\/a><\/h4><p>Sorry, this entry is only available in Polski. ...<\/p><a href=\"https:\/\/wichrowewzgorze.info\/en\/noclegi-molo-osiek-zahartuj-sie-z-nami\/\" class='more-link2'>Read more<\/a><\/div>\t\t<\/div>\n\t\t\t\t<\/div>\n\t\t\t\t<\/div>\n\t\t\t<\/div>\n\t\t\t<div class=\"h10 clear\"><\/div>[\/vc_column_inner][\/vc_row_inner][\/vc_column][\/vc_row][vc_row full_width=&#8221;stretch_row&#8221; bg_type=&#8221;bg_color&#8221; enable_overlay=&#8221;enable_overlay_value&#8221; overlay_color=&#8221;#008C3B&#8221; css=&#8221;.vc_custom_1501762524298{margin-top: -40px !important;margin-right: 0px !important;margin-bottom: 0px !important;margin-left: 0px !important;padding-top: 40px !important;padding-bottom: 24px !important;}&#8221; bg_color_value=&#8221;#008c3b&#8221;][vc_column width=&#8221;5\/6&#8243;]<h2 class=\"boc_heading no_text_transform center  boc_animate_when_almost_visible boc_bottom-to-top\"  style=\"margin-bottom: 20px;color: #ffffff;font-size: 27px;\"><span>If you have any questions or would like to book a room \u2013 contact us! <\/span><\/h2>[\/vc_column][vc_column width=&#8221;1\/6&#8243;]<a\thref=\"https:\/\/www.wichrowewzgorze.info\/en\/kontakt\" \n\t\t\t\tclass=\"button btn_large btn_white btn_rounded btn_outline   boc_animate_when_almost_visible boc_bottom-to-top \"  target='_self'><span>Contact<\/span><\/a>[\/vc_column][\/vc_row]<\/p>\n<\/div>","protected":false},"excerpt":{"rendered":"<p>[vc_row full_width=&#8221;stretch_row_content_no_spaces&#8221;][vc_column][vc_single_image alignment=&#8221;center&#8221; css=&#8221;&#8221; image=&#8221;319&#8243;][\/vc_column][\/vc_row][vc_row][vc_column][\/vc_column][\/vc_row][vc_row][vc_column width=&#8221;1\/3&#8243;][vc_single_image add_caption=&#8221;yes&#8221; onclick=&#8221;custom_link&#8221; css=&#8221;.vc_custom_1533386013626{border-top-width: 5px !important;border-right-width: 5px !important;border-bottom-width: 5px !important;border-left-width: 5px !important;border-left-color: #008c3b !important;border-left-style: solid !important;border-right-color: #008c3b !important;border-right-style: solid !important;border-top-color: #008c3b !important;border-top-style: solid !important;border-bottom-color: #008c3b !important;border-bottom-style: solid !important;}&#8221; css_animation=&#8221;boc_animate_when_almost_visible boc_left-to-right&#8221; image=&#8221;175&#8243; link=&#8221;https:\/\/www.wichrowewzgorze.info\/en\/wichrowe-wzgorze\/&#8221;][\/vc_column][vc_column width=&#8221;1\/3&#8243;][vc_single_image onclick=&#8221;custom_link&#8221; css=&#8221;.vc_custom_1533386020466{border-top-width: 5px !important;border-right-width: 5px !important;border-bottom-width: 5px !important;border-left-width: 5px !important;border-left-color: #763d2e !important;border-left-style: solid !important;border-right-color: #763d2e !important;border-right-style: solid !important;border-top-color: #763d2e !important;border-top-style: solid !important;border-bottom-color:<\/p>\n<div class=\"h10\"><\/div>\n<p><a class=\"more-link2\" href=\"https:\/\/wichrowewzgorze.info\/en\/noclegi-molo-osiek-zahartuj-sie-z-nami\/\">Read more<\/a><\/p>\n","protected":false},"author":1,"featured_media":0,"parent":0,"menu_order":0,"comment_status":"closed","ping_status":"closed","template":"","meta":{"footnotes":""},"class_list":["post-20","page","type-page","status-publish","hentry"],"yoast_head":"<!-- This site is optimized with the Yoast SEO plugin v27.3 - https:\/\/yoast.com\/product\/yoast-seo-wordpress\/ -->\n<title>Noclegi MOLO Osiek - Agroturystyka Wichrowe Wzg\u00f3rze Osiek<\/title>\n<meta name=\"description\" content=\"Noclegi molo osiek. Na tej stronie znajdziesz najlepsze noclegi w miejscowo\u015bci Osiek i z okolic.Mo\u017cliwo\u015b\u0107 negocjacji ceny. Serdecznie zapraszamy.\" \/>\n<meta name=\"robots\" content=\"index, follow, max-snippet:-1, max-image-preview:large, max-video-preview:-1\" \/>\n<link rel=\"canonical\" href=\"https:\/\/wichrowewzgorze.info\/\" \/>\n<meta property=\"og:locale\" content=\"en_US\" \/>\n<meta property=\"og:type\" content=\"article\" \/>\n<meta property=\"og:title\" content=\"Noclegi MOLO Osiek - Agroturystyka Wichrowe Wzg\u00f3rze Osiek\" \/>\n<meta property=\"og:description\" content=\"Noclegi molo osiek. Na tej stronie znajdziesz najlepsze noclegi w miejscowo\u015bci Osiek i z okolic.Mo\u017cliwo\u015b\u0107 negocjacji ceny. Serdecznie zapraszamy.\" \/>\n<meta property=\"og:url\" content=\"https:\/\/wichrowewzgorze.info\/\" \/>\n<meta property=\"og:site_name\" content=\"Noclegi MOLO Osiek\" \/>\n<meta property=\"article:publisher\" content=\"https:\/\/www.facebook.com\/wichrowewzgorze.info\" \/>\n<meta property=\"article:modified_time\" content=\"2025-07-28T10:07:08+00:00\" \/>\n<meta name=\"twitter:card\" content=\"summary_large_image\" \/>\n<meta name=\"twitter:label1\" content=\"Est. reading time\" \/>\n\t<meta name=\"twitter:data1\" content=\"7 minutes\" \/>\n<script type=\"application\/ld+json\" class=\"yoast-schema-graph\">{\"@context\":\"https:\\\/\\\/schema.org\",\"@graph\":[{\"@type\":\"WebPage\",\"@id\":\"https:\\\/\\\/wichrowewzgorze.info\\\/\",\"url\":\"https:\\\/\\\/wichrowewzgorze.info\\\/\",\"name\":\"Noclegi MOLO Osiek - Agroturystyka Wichrowe Wzg\u00f3rze Osiek\",\"isPartOf\":{\"@id\":\"https:\\\/\\\/wichrowewzgorze.info\\\/#website\"},\"datePublished\":\"2017-08-01T10:00:47+00:00\",\"dateModified\":\"2025-07-28T10:07:08+00:00\",\"description\":\"Noclegi molo osiek. Na tej stronie znajdziesz najlepsze noclegi w miejscowo\u015bci Osiek i z okolic.Mo\u017cliwo\u015b\u0107 negocjacji ceny. Serdecznie zapraszamy.\",\"breadcrumb\":{\"@id\":\"https:\\\/\\\/wichrowewzgorze.info\\\/#breadcrumb\"},\"inLanguage\":\"en-US\",\"potentialAction\":[{\"@type\":\"ReadAction\",\"target\":[\"https:\\\/\\\/wichrowewzgorze.info\\\/\"]}]},{\"@type\":\"BreadcrumbList\",\"@id\":\"https:\\\/\\\/wichrowewzgorze.info\\\/#breadcrumb\",\"itemListElement\":[{\"@type\":\"ListItem\",\"position\":1,\"name\":\"Home\",\"item\":\"https:\\\/\\\/wichrowewzgorze.info\\\/\"},{\"@type\":\"ListItem\",\"position\":2,\"name\":\"Start\"}]},{\"@type\":\"WebSite\",\"@id\":\"https:\\\/\\\/wichrowewzgorze.info\\\/#website\",\"url\":\"https:\\\/\\\/wichrowewzgorze.info\\\/\",\"name\":\"Noclegi MOLO Osiek\",\"description\":\"Agroturystyka Wichrowe Wzg\u00f3rze Osiek\",\"publisher\":{\"@id\":\"https:\\\/\\\/wichrowewzgorze.info\\\/#organization\"},\"potentialAction\":[{\"@type\":\"SearchAction\",\"target\":{\"@type\":\"EntryPoint\",\"urlTemplate\":\"https:\\\/\\\/wichrowewzgorze.info\\\/?s={search_term_string}\"},\"query-input\":{\"@type\":\"PropertyValueSpecification\",\"valueRequired\":true,\"valueName\":\"search_term_string\"}}],\"inLanguage\":\"en-US\"},{\"@type\":\"Organization\",\"@id\":\"https:\\\/\\\/wichrowewzgorze.info\\\/#organization\",\"name\":\"Noclegi MOLO Osiek\",\"url\":\"https:\\\/\\\/wichrowewzgorze.info\\\/\",\"logo\":{\"@type\":\"ImageObject\",\"inLanguage\":\"en-US\",\"@id\":\"https:\\\/\\\/wichrowewzgorze.info\\\/#\\\/schema\\\/logo\\\/image\\\/\",\"url\":\"https:\\\/\\\/wichrowewzgorze.info\\\/wp-content\\\/uploads\\\/logo_wichrowe_wzgorze_noclegi_osiek.jpg\",\"contentUrl\":\"https:\\\/\\\/wichrowewzgorze.info\\\/wp-content\\\/uploads\\\/logo_wichrowe_wzgorze_noclegi_osiek.jpg\",\"width\":196,\"height\":92,\"caption\":\"Noclegi MOLO Osiek\"},\"image\":{\"@id\":\"https:\\\/\\\/wichrowewzgorze.info\\\/#\\\/schema\\\/logo\\\/image\\\/\"},\"sameAs\":[\"https:\\\/\\\/www.facebook.com\\\/wichrowewzgorze.info\"]}]}<\/script>\n<!-- \/ Yoast SEO plugin. -->","yoast_head_json":{"title":"Noclegi MOLO Osiek - Agroturystyka Wichrowe Wzg\u00f3rze Osiek","description":"Noclegi molo osiek. Na tej stronie znajdziesz najlepsze noclegi w miejscowo\u015bci Osiek i z okolic.Mo\u017cliwo\u015b\u0107 negocjacji ceny. Serdecznie zapraszamy.","robots":{"index":"index","follow":"follow","max-snippet":"max-snippet:-1","max-image-preview":"max-image-preview:large","max-video-preview":"max-video-preview:-1"},"canonical":"https:\/\/wichrowewzgorze.info\/","og_locale":"en_US","og_type":"article","og_title":"Noclegi MOLO Osiek - Agroturystyka Wichrowe Wzg\u00f3rze Osiek","og_description":"Noclegi molo osiek. Na tej stronie znajdziesz najlepsze noclegi w miejscowo\u015bci Osiek i z okolic.Mo\u017cliwo\u015b\u0107 negocjacji ceny. Serdecznie zapraszamy.","og_url":"https:\/\/wichrowewzgorze.info\/","og_site_name":"Noclegi MOLO Osiek","article_publisher":"https:\/\/www.facebook.com\/wichrowewzgorze.info","article_modified_time":"2025-07-28T10:07:08+00:00","twitter_card":"summary_large_image","twitter_misc":{"Est. reading time":"7 minutes"},"schema":{"@context":"https:\/\/schema.org","@graph":[{"@type":"WebPage","@id":"https:\/\/wichrowewzgorze.info\/","url":"https:\/\/wichrowewzgorze.info\/","name":"Noclegi MOLO Osiek - Agroturystyka Wichrowe Wzg\u00f3rze Osiek","isPartOf":{"@id":"https:\/\/wichrowewzgorze.info\/#website"},"datePublished":"2017-08-01T10:00:47+00:00","dateModified":"2025-07-28T10:07:08+00:00","description":"Noclegi molo osiek. Na tej stronie znajdziesz najlepsze noclegi w miejscowo\u015bci Osiek i z okolic.Mo\u017cliwo\u015b\u0107 negocjacji ceny. Serdecznie zapraszamy.","breadcrumb":{"@id":"https:\/\/wichrowewzgorze.info\/#breadcrumb"},"inLanguage":"en-US","potentialAction":[{"@type":"ReadAction","target":["https:\/\/wichrowewzgorze.info\/"]}]},{"@type":"BreadcrumbList","@id":"https:\/\/wichrowewzgorze.info\/#breadcrumb","itemListElement":[{"@type":"ListItem","position":1,"name":"Home","item":"https:\/\/wichrowewzgorze.info\/"},{"@type":"ListItem","position":2,"name":"Start"}]},{"@type":"WebSite","@id":"https:\/\/wichrowewzgorze.info\/#website","url":"https:\/\/wichrowewzgorze.info\/","name":"Noclegi MOLO Osiek","description":"Agroturystyka Wichrowe Wzg\u00f3rze Osiek","publisher":{"@id":"https:\/\/wichrowewzgorze.info\/#organization"},"potentialAction":[{"@type":"SearchAction","target":{"@type":"EntryPoint","urlTemplate":"https:\/\/wichrowewzgorze.info\/?s={search_term_string}"},"query-input":{"@type":"PropertyValueSpecification","valueRequired":true,"valueName":"search_term_string"}}],"inLanguage":"en-US"},{"@type":"Organization","@id":"https:\/\/wichrowewzgorze.info\/#organization","name":"Noclegi MOLO Osiek","url":"https:\/\/wichrowewzgorze.info\/","logo":{"@type":"ImageObject","inLanguage":"en-US","@id":"https:\/\/wichrowewzgorze.info\/#\/schema\/logo\/image\/","url":"https:\/\/wichrowewzgorze.info\/wp-content\/uploads\/logo_wichrowe_wzgorze_noclegi_osiek.jpg","contentUrl":"https:\/\/wichrowewzgorze.info\/wp-content\/uploads\/logo_wichrowe_wzgorze_noclegi_osiek.jpg","width":196,"height":92,"caption":"Noclegi MOLO Osiek"},"image":{"@id":"https:\/\/wichrowewzgorze.info\/#\/schema\/logo\/image\/"},"sameAs":["https:\/\/www.facebook.com\/wichrowewzgorze.info"]}]}},"_links":{"self":[{"href":"https:\/\/wichrowewzgorze.info\/en\/wp-json\/wp\/v2\/pages\/20","targetHints":{"allow":["GET"]}}],"collection":[{"href":"https:\/\/wichrowewzgorze.info\/en\/wp-json\/wp\/v2\/pages"}],"about":[{"href":"https:\/\/wichrowewzgorze.info\/en\/wp-json\/wp\/v2\/types\/page"}],"author":[{"embeddable":true,"href":"https:\/\/wichrowewzgorze.info\/en\/wp-json\/wp\/v2\/users\/1"}],"replies":[{"embeddable":true,"href":"https:\/\/wichrowewzgorze.info\/en\/wp-json\/wp\/v2\/comments?post=20"}],"version-history":[{"count":13,"href":"https:\/\/wichrowewzgorze.info\/en\/wp-json\/wp\/v2\/pages\/20\/revisions"}],"predecessor-version":[{"id":1541,"href":"https:\/\/wichrowewzgorze.info\/en\/wp-json\/wp\/v2\/pages\/20\/revisions\/1541"}],"wp:attachment":[{"href":"https:\/\/wichrowewzgorze.info\/en\/wp-json\/wp\/v2\/media?parent=20"}],"curies":[{"name":"wp","href":"https:\/\/api.w.org\/{rel}","templated":true}]}}