{"id":268,"date":"2017-08-05T10:52:51","date_gmt":"2017-08-05T08:52:51","guid":{"rendered":"http:\/\/www.wichrowewzgorze.info\/?page_id=268"},"modified":"2025-07-28T11:52:38","modified_gmt":"2025-07-28T09:52:38","slug":"o-nas","status":"publish","type":"page","link":"https:\/\/wichrowewzgorze.info\/en\/o-nas\/","title":{"rendered":"About us"},"content":{"rendered":"<div class=\"wpb-content-wrapper\"><p>[vc_row][vc_column width=&#8221;2\/3&#8243;][vc_column_text]<strong>Agrotourism guest house Wichrowe Wzg\u00f3rze<\/strong> is located in Osiek, a picturesque village near O\u015bwi\u0119cim. It was founded in 2010. The name, which translated means Wuthering Heights, directly refers to the location of the guest house on a hill, where a windy weather makes the description \u201cwuthering\u201d very accurate. For our guests we have <strong>31 beds available in summer and 19 from autumn to spring.<\/strong><\/p>\n<p>The accommodation comprises two suites, two rooms and two summer chalets. Our guests can enjoy <strong>free Wi-Fi<\/strong> on our premises. The rooms are very cosy and colourful because we wanted to create a pleasant place not only for sleeping, but for rest and relaxation above all.<\/p>\n<p>Guests can use the garden and all its facilities \u2013 place for a bonfire or grill and a smoking chamber where one can smoke a local fish. The property is fenced and has a car park.<br \/>\nThe green surrounding and lack of other buildings around become additional assets of the agrotourism guest house. It is surrounded by fields and there is a forest within the property where one can enjoy the calm and peace, take a breath of fresh air and listen to the sounds of birds singing.[\/vc_column_text][\/vc_column][vc_column width=&#8221;1\/3&#8243;][vc_single_image onclick=&#8221;link_image&#8221; css=&#8221;&#8221; image=&#8221;175&#8243;][\/vc_column][\/vc_row]<\/p>\n<\/div>","protected":false},"excerpt":{"rendered":"<p>[vc_row][vc_column width=&#8221;2\/3&#8243;][vc_column_text]Agrotourism guest house Wichrowe Wzg\u00f3rze is located in Osiek, a picturesque village near O\u015bwi\u0119cim. It was founded in 2010. The name, which translated means Wuthering Heights, directly refers to the location of the guest house on a hill, where a windy weather makes the description \u201cwuthering\u201d very accurate. For our guests we have 31 beds available in summer and<\/p>\n<div class=\"h10\"><\/div>\n<p><a class=\"more-link2\" href=\"https:\/\/wichrowewzgorze.info\/en\/o-nas\/\">Read more<\/a><\/p>\n","protected":false},"author":1,"featured_media":0,"parent":0,"menu_order":0,"comment_status":"closed","ping_status":"closed","template":"","meta":{"footnotes":""},"class_list":["post-268","page","type-page","status-publish","hentry"],"yoast_head":"<!-- This site is optimized with the Yoast SEO plugin v27.4 - https:\/\/yoast.com\/product\/yoast-seo-wordpress\/ -->\n<title>About us - Noclegi MOLO Osiek<\/title>\n<meta name=\"robots\" content=\"index, follow, max-snippet:-1, max-image-preview:large, max-video-preview:-1\" \/>\n<link rel=\"canonical\" href=\"https:\/\/wichrowewzgorze.info\/o-nas\/\" \/>\n<meta property=\"og:locale\" content=\"en_US\" \/>\n<meta property=\"og:type\" content=\"article\" \/>\n<meta property=\"og:title\" content=\"About us - Noclegi MOLO Osiek\" \/>\n<meta property=\"og:description\" content=\"[vc_row][vc_column width=&#8221;2\/3&#8243;][vc_column_text]Agrotourism guest house Wichrowe Wzg\u00f3rze is located in Osiek, a picturesque village near O\u015bwi\u0119cim. It was founded in 2010. The name, which translated means Wuthering Heights, directly refers to the location of the guest house on a hill, where a windy weather makes the description \u201cwuthering\u201d very accurate. For our guests we have 31 beds available in summer andRead more\" \/>\n<meta property=\"og:url\" content=\"https:\/\/wichrowewzgorze.info\/o-nas\/\" \/>\n<meta property=\"og:site_name\" content=\"Noclegi MOLO Osiek\" \/>\n<meta property=\"article:publisher\" content=\"https:\/\/www.facebook.com\/wichrowewzgorze.info\" \/>\n<meta property=\"article:modified_time\" content=\"2025-07-28T09:52:38+00:00\" \/>\n<meta name=\"twitter:card\" content=\"summary_large_image\" \/>\n<meta name=\"twitter:label1\" content=\"Est. reading time\" \/>\n\t<meta name=\"twitter:data1\" content=\"2 minutes\" \/>\n<script type=\"application\/ld+json\" class=\"yoast-schema-graph\">{\"@context\":\"https:\\\/\\\/schema.org\",\"@graph\":[{\"@type\":\"WebPage\",\"@id\":\"https:\\\/\\\/wichrowewzgorze.info\\\/o-nas\\\/\",\"url\":\"https:\\\/\\\/wichrowewzgorze.info\\\/o-nas\\\/\",\"name\":\"About us - Noclegi MOLO Osiek\",\"isPartOf\":{\"@id\":\"https:\\\/\\\/wichrowewzgorze.info\\\/#website\"},\"datePublished\":\"2017-08-05T08:52:51+00:00\",\"dateModified\":\"2025-07-28T09:52:38+00:00\",\"breadcrumb\":{\"@id\":\"https:\\\/\\\/wichrowewzgorze.info\\\/o-nas\\\/#breadcrumb\"},\"inLanguage\":\"en-US\",\"potentialAction\":[{\"@type\":\"ReadAction\",\"target\":[\"https:\\\/\\\/wichrowewzgorze.info\\\/o-nas\\\/\"]}]},{\"@type\":\"BreadcrumbList\",\"@id\":\"https:\\\/\\\/wichrowewzgorze.info\\\/o-nas\\\/#breadcrumb\",\"itemListElement\":[{\"@type\":\"ListItem\",\"position\":1,\"name\":\"Home\",\"item\":\"https:\\\/\\\/wichrowewzgorze.info\\\/\"},{\"@type\":\"ListItem\",\"position\":2,\"name\":\"O nas\"}]},{\"@type\":\"WebSite\",\"@id\":\"https:\\\/\\\/wichrowewzgorze.info\\\/#website\",\"url\":\"https:\\\/\\\/wichrowewzgorze.info\\\/\",\"name\":\"Noclegi MOLO Osiek\",\"description\":\"Agroturystyka Wichrowe Wzg\u00f3rze Osiek\",\"publisher\":{\"@id\":\"https:\\\/\\\/wichrowewzgorze.info\\\/#organization\"},\"potentialAction\":[{\"@type\":\"SearchAction\",\"target\":{\"@type\":\"EntryPoint\",\"urlTemplate\":\"https:\\\/\\\/wichrowewzgorze.info\\\/?s={search_term_string}\"},\"query-input\":{\"@type\":\"PropertyValueSpecification\",\"valueRequired\":true,\"valueName\":\"search_term_string\"}}],\"inLanguage\":\"en-US\"},{\"@type\":\"Organization\",\"@id\":\"https:\\\/\\\/wichrowewzgorze.info\\\/#organization\",\"name\":\"Noclegi MOLO Osiek\",\"url\":\"https:\\\/\\\/wichrowewzgorze.info\\\/\",\"logo\":{\"@type\":\"ImageObject\",\"inLanguage\":\"en-US\",\"@id\":\"https:\\\/\\\/wichrowewzgorze.info\\\/#\\\/schema\\\/logo\\\/image\\\/\",\"url\":\"https:\\\/\\\/wichrowewzgorze.info\\\/wp-content\\\/uploads\\\/logo_wichrowe_wzgorze_noclegi_osiek.jpg\",\"contentUrl\":\"https:\\\/\\\/wichrowewzgorze.info\\\/wp-content\\\/uploads\\\/logo_wichrowe_wzgorze_noclegi_osiek.jpg\",\"width\":196,\"height\":92,\"caption\":\"Noclegi MOLO Osiek\"},\"image\":{\"@id\":\"https:\\\/\\\/wichrowewzgorze.info\\\/#\\\/schema\\\/logo\\\/image\\\/\"},\"sameAs\":[\"https:\\\/\\\/www.facebook.com\\\/wichrowewzgorze.info\"]}]}<\/script>\n<!-- \/ Yoast SEO plugin. -->","yoast_head_json":{"title":"About us - Noclegi MOLO Osiek","robots":{"index":"index","follow":"follow","max-snippet":"max-snippet:-1","max-image-preview":"max-image-preview:large","max-video-preview":"max-video-preview:-1"},"canonical":"https:\/\/wichrowewzgorze.info\/o-nas\/","og_locale":"en_US","og_type":"article","og_title":"About us - Noclegi MOLO Osiek","og_description":"[vc_row][vc_column width=&#8221;2\/3&#8243;][vc_column_text]Agrotourism guest house Wichrowe Wzg\u00f3rze is located in Osiek, a picturesque village near O\u015bwi\u0119cim. It was founded in 2010. The name, which translated means Wuthering Heights, directly refers to the location of the guest house on a hill, where a windy weather makes the description \u201cwuthering\u201d very accurate. For our guests we have 31 beds available in summer andRead more","og_url":"https:\/\/wichrowewzgorze.info\/o-nas\/","og_site_name":"Noclegi MOLO Osiek","article_publisher":"https:\/\/www.facebook.com\/wichrowewzgorze.info","article_modified_time":"2025-07-28T09:52:38+00:00","twitter_card":"summary_large_image","twitter_misc":{"Est. reading time":"2 minutes"},"schema":{"@context":"https:\/\/schema.org","@graph":[{"@type":"WebPage","@id":"https:\/\/wichrowewzgorze.info\/o-nas\/","url":"https:\/\/wichrowewzgorze.info\/o-nas\/","name":"About us - Noclegi MOLO Osiek","isPartOf":{"@id":"https:\/\/wichrowewzgorze.info\/#website"},"datePublished":"2017-08-05T08:52:51+00:00","dateModified":"2025-07-28T09:52:38+00:00","breadcrumb":{"@id":"https:\/\/wichrowewzgorze.info\/o-nas\/#breadcrumb"},"inLanguage":"en-US","potentialAction":[{"@type":"ReadAction","target":["https:\/\/wichrowewzgorze.info\/o-nas\/"]}]},{"@type":"BreadcrumbList","@id":"https:\/\/wichrowewzgorze.info\/o-nas\/#breadcrumb","itemListElement":[{"@type":"ListItem","position":1,"name":"Home","item":"https:\/\/wichrowewzgorze.info\/"},{"@type":"ListItem","position":2,"name":"O nas"}]},{"@type":"WebSite","@id":"https:\/\/wichrowewzgorze.info\/#website","url":"https:\/\/wichrowewzgorze.info\/","name":"Noclegi MOLO Osiek","description":"Agroturystyka Wichrowe Wzg\u00f3rze Osiek","publisher":{"@id":"https:\/\/wichrowewzgorze.info\/#organization"},"potentialAction":[{"@type":"SearchAction","target":{"@type":"EntryPoint","urlTemplate":"https:\/\/wichrowewzgorze.info\/?s={search_term_string}"},"query-input":{"@type":"PropertyValueSpecification","valueRequired":true,"valueName":"search_term_string"}}],"inLanguage":"en-US"},{"@type":"Organization","@id":"https:\/\/wichrowewzgorze.info\/#organization","name":"Noclegi MOLO Osiek","url":"https:\/\/wichrowewzgorze.info\/","logo":{"@type":"ImageObject","inLanguage":"en-US","@id":"https:\/\/wichrowewzgorze.info\/#\/schema\/logo\/image\/","url":"https:\/\/wichrowewzgorze.info\/wp-content\/uploads\/logo_wichrowe_wzgorze_noclegi_osiek.jpg","contentUrl":"https:\/\/wichrowewzgorze.info\/wp-content\/uploads\/logo_wichrowe_wzgorze_noclegi_osiek.jpg","width":196,"height":92,"caption":"Noclegi MOLO Osiek"},"image":{"@id":"https:\/\/wichrowewzgorze.info\/#\/schema\/logo\/image\/"},"sameAs":["https:\/\/www.facebook.com\/wichrowewzgorze.info"]}]}},"_links":{"self":[{"href":"https:\/\/wichrowewzgorze.info\/en\/wp-json\/wp\/v2\/pages\/268","targetHints":{"allow":["GET"]}}],"collection":[{"href":"https:\/\/wichrowewzgorze.info\/en\/wp-json\/wp\/v2\/pages"}],"about":[{"href":"https:\/\/wichrowewzgorze.info\/en\/wp-json\/wp\/v2\/types\/page"}],"author":[{"embeddable":true,"href":"https:\/\/wichrowewzgorze.info\/en\/wp-json\/wp\/v2\/users\/1"}],"replies":[{"embeddable":true,"href":"https:\/\/wichrowewzgorze.info\/en\/wp-json\/wp\/v2\/comments?post=268"}],"version-history":[{"count":4,"href":"https:\/\/wichrowewzgorze.info\/en\/wp-json\/wp\/v2\/pages\/268\/revisions"}],"predecessor-version":[{"id":1531,"href":"https:\/\/wichrowewzgorze.info\/en\/wp-json\/wp\/v2\/pages\/268\/revisions\/1531"}],"wp:attachment":[{"href":"https:\/\/wichrowewzgorze.info\/en\/wp-json\/wp\/v2\/media?parent=268"}],"curies":[{"name":"wp","href":"https:\/\/api.w.org\/{rel}","templated":true}]}}