{"id":280,"date":"2017-08-05T11:13:50","date_gmt":"2017-08-05T09:13:50","guid":{"rendered":"http:\/\/www.wichrowewzgorze.info\/?page_id=280"},"modified":"2018-08-04T15:01:11","modified_gmt":"2018-08-04T13:01:11","slug":"przydatne-adresy","status":"publish","type":"page","link":"https:\/\/wichrowewzgorze.info\/en\/przydatne-adresy\/","title":{"rendered":"Useful addresses"},"content":{"rendered":"<div class=\"wpb-content-wrapper\"><p>[vc_row css=&#8221;.vc_custom_1505240391368{margin-bottom: 40px !important;}&#8221;][vc_column]<h2 class=\"boc_heading  al_left  \"  style=\"margin-bottom: 20px;margin-top: 0px;color: #333333;font-size: 22px;\"><span><strong>RESTAURANTS<\/strong><\/span><\/h2><div class=\"boc_divider_holder\"><div class=\"boc_divider  \"  style=\"margin-top: 20px;margin-bottom: 20px;width: 200px;height: 1px;background: #eeeeee;\"><\/div><\/div>[vc_column_text]<strong>Karpi\u00f3wka<\/strong> &#8211; ul. W\u0142osie\u0144ska 39, Osiek &#8211;<span style=\"text-decoration: underline;\"><strong> FOOD DELIVERY<\/strong><\/span> phone: <a href=\"tel:338454081\">33-845-40-81<\/a><br \/>\n<strong>Tarni\u00f3wka Inn<\/strong> &#8211; Plac Tarni\u00f3wka 1, Osiek<br \/>\n<strong>Molo Resort Restaurant<\/strong> &#8211; ul. G\u0142\u00f3wna 231 A, Osiek<br \/>\n[\/vc_column_text][\/vc_column][\/vc_row][vc_row css=&#8221;.vc_custom_1505240391368{margin-bottom: 40px !important;}&#8221;][vc_column]<h2 class=\"boc_heading  al_left  \"  style=\"margin-bottom: 20px;margin-top: 0px;color: #333333;font-size: 22px;\"><span><strong>GROCERY STORES<\/strong><\/span><\/h2><div class=\"boc_divider_holder\"><div class=\"boc_divider  \"  style=\"margin-top: 20px;margin-bottom: 20px;width: 200px;height: 1px;background: #eeeeee;\"><\/div><\/div>[vc_column_text]<strong>Lewiatan<\/strong> \u2013 ul. Ko\u015bcielna 1, Osiek<br \/>\n<strong>Delfin<\/strong> \u2013 ul. G\u0142\u00f3wna 109A, Osiek<br \/>\n<strong>Grocery store &#8220;GS&#8221;<\/strong> \u2013 ul. Browarna 3, Osiek[\/vc_column_text][\/vc_column][\/vc_row][vc_row css=&#8221;.vc_custom_1505240391368{margin-bottom: 40px !important;}&#8221;][vc_column]<h2 class=\"boc_heading  al_left  \"  style=\"margin-bottom: 20px;margin-top: 0px;color: #333333;font-size: 22px;\"><span><strong>TAXI<\/strong><\/span><\/h2><div class=\"boc_divider_holder\"><div class=\"boc_divider  \"  style=\"margin-top: 20px;margin-bottom: 20px;width: 200px;height: 1px;background: #eeeeee;\"><\/div><\/div>[vc_column_text]<a href=\"http:\/\/www.taxi-oswiecim.pl\">www.taxi-oswiecim.pl<\/a>\u00a0&#8211; phone: <a href=\"tel:607362740\">607-362-740<\/a><br \/>\n<a href=\"http:\/\/www.taxioswiecim.pl\">www.taxioswiecim.pl<\/a>\u00a0&#8211; phone: <a href=\"tel:338111111\">33-811-11-11<\/a>, <a href=\"tel:3319191\">33-191-91<\/a>[\/vc_column_text][\/vc_column][\/vc_row][vc_row css=&#8221;.vc_custom_1505240391368{margin-bottom: 40px !important;}&#8221;][vc_column]<h2 class=\"boc_heading  al_left  \"  style=\"margin-bottom: 20px;margin-top: 0px;color: #333333;font-size: 22px;\"><span><strong>CURRENCY EXCHANGE OFFICES<\/strong><\/span><\/h2><div class=\"boc_divider_holder\"><div class=\"boc_divider  \"  style=\"margin-top: 20px;margin-bottom: 20px;width: 200px;height: 1px;background: #eeeeee;\"><\/div><\/div>[vc_column_text]Rynek G\u0142\u00f3wny 3, O\u015bwi\u0119cim<br \/>\n\u015aniadeckiego 23-39, O\u015bwi\u0119cim[\/vc_column_text][\/vc_column][\/vc_row][vc_row css=&#8221;.vc_custom_1505240391368{margin-bottom: 40px !important;}&#8221;][vc_column]<h2 class=\"boc_heading  al_left  \"  style=\"margin-bottom: 20px;margin-top: 0px;color: #333333;font-size: 22px;\"><span><strong>ATMs<\/strong><\/span><\/h2><div class=\"boc_divider_holder\"><div class=\"boc_divider  \"  style=\"margin-top: 20px;margin-bottom: 20px;width: 200px;height: 1px;background: #eeeeee;\"><\/div><\/div>[vc_column_text]<strong>Bank Sp\u00f3\u0142dzielczy<\/strong> \u2013 Osiek ul. G\u0142\u00f3wna 125<br \/>\n<strong>Euronet<\/strong> \u2013O\u015bwi\u0119cim ul. Kr\u00f3lowej Jadwigi 28 (Park Shop)<br \/>\n<strong>ING Bank \u015al\u0105ski<\/strong> \u2013 O\u015bwi\u0119cim, Rynek 19<br \/>\n<strong>ING Bank \u015al\u0105ski<\/strong> \u2013 K\u0119ty, Rynek 23<br \/>\n[\/vc_column_text][\/vc_column][\/vc_row][vc_row css=&#8221;.vc_custom_1505240391368{margin-bottom: 40px !important;}&#8221;][vc_column]<h2 class=\"boc_heading  al_left  \"  style=\"margin-bottom: 20px;margin-top: 0px;color: #333333;font-size: 22px;\"><span><strong>POST OFFICE<\/strong><\/span><\/h2><div class=\"boc_divider_holder\"><div class=\"boc_divider  \"  style=\"margin-top: 20px;margin-bottom: 20px;width: 200px;height: 1px;background: #eeeeee;\"><\/div><\/div>[vc_column_text]ul. G\u0142\u00f3wna 125, Osiek<br \/>\nul. Jagie\u0142\u0142y 14, O\u015bwi\u0119cim[\/vc_column_text][\/vc_column][\/vc_row][vc_row css=&#8221;.vc_custom_1505240391368{margin-bottom: 40px !important;}&#8221;][vc_column]<h2 class=\"boc_heading  al_left  \"  style=\"margin-bottom: 20px;margin-top: 0px;color: #333333;font-size: 22px;\"><span><strong>PHARMACIES<\/strong><\/span><\/h2><div class=\"boc_divider_holder\"><div class=\"boc_divider  \"  style=\"margin-top: 20px;margin-bottom: 20px;width: 200px;height: 1px;background: #eeeeee;\"><\/div><\/div>[vc_column_text]<strong>Apteka Prywatna<\/strong>, ul. Starowiejska 175, Osiek<br \/>\n<strong>Arnika Sp.C.<\/strong> \u2013 ul. Ko\u015bcielna 5, Osiek<br \/>\n<strong>Apteka Blisko Ciebie<\/strong> \u2013 ul. Wi\u0119\u017ani\u00f3w O\u015bwi\u0119cimia 7A, O\u015bwi\u0119cim \u2013<strong> OPEN 24 HOURS<\/strong>[\/vc_column_text][\/vc_column][\/vc_row][vc_row css=&#8221;.vc_custom_1505240391368{margin-bottom: 40px !important;}&#8221;][vc_column]<h2 class=\"boc_heading  al_left  \"  style=\"margin-bottom: 20px;margin-top: 0px;color: #333333;font-size: 22px;\"><span><strong>HEALTH CARE<\/strong><\/span><\/h2><div class=\"boc_divider_holder\"><div class=\"boc_divider  \"  style=\"margin-top: 20px;margin-bottom: 20px;width: 200px;height: 1px;background: #eeeeee;\"><\/div><\/div>[vc_column_text]<strong>Independent Public Health Care<\/strong> \u2013 ul. Starowiejska 175, Osiek \u2013 phone: <a href=\"tel:338458239\">33-845-82-39<\/a><\/p>\n<p><span style=\"text-decoration: underline;\"><strong>NIGHT AND HOLIDAY HEALTH CARE<\/strong><\/span><br \/>\n<strong>Communal Health Care<\/strong> \u2013 ul. Sobieskiego 45, K\u0119ty \u2013 phone: <a href=\"tel:338452100\">33-845-21-00<\/a><br \/>\n<strong>Municipal Medical Centre<\/strong> &#8211; ul. Chemik\u00f3w 5, O\u015bwi\u0119cim \u2013 phone: <a href=\"tel:334886097\">33-488-60-97<\/a><br \/>\n<strong>St. Maximilian District Hospital<\/strong> \u2013 ul. Wysokie Brzegi 4, O\u015bwi\u0119cim \u2013 phone: <a href=\"tel:338448200\">33-844-82-00<\/a><br \/>\n[\/vc_column_text][\/vc_column][\/vc_row][vc_row css=&#8221;.vc_custom_1505240391368{margin-bottom: 40px !important;}&#8221;][vc_column]<h2 class=\"boc_heading  al_left  \"  style=\"margin-bottom: 20px;margin-top: 0px;color: #333333;font-size: 22px;\"><span><strong>CHURCH<\/strong><\/span><\/h2><div class=\"boc_divider_holder\"><div class=\"boc_divider  \"  style=\"margin-top: 20px;margin-bottom: 20px;width: 200px;height: 1px;background: #eeeeee;\"><\/div><\/div>[vc_column_text]<strong>The Roman Catholic Church of St. Andrew the Apostle<\/strong>, Osiek ul. Ko\u015bcielna 13 (<a href=\"http:\/\/parafia-osiek.pl\">parafia-osiek.pl<\/a>)<\/p>\n<p><span style=\"text-decoration: underline;\"><strong>Services:<\/strong><\/span><br \/>\nSUNDAY AND HOLIDAYS \u2013 7:30, 9:00, 11:00, 16:30<br \/>\nWEEKDAYS \u2013 7:00, 17:30<br \/>\n[\/vc_column_text][\/vc_column][\/vc_row]<\/p>\n<\/div>","protected":false},"excerpt":{"rendered":"<p>[vc_row css=&#8221;.vc_custom_1505240391368{margin-bottom: 40px !important;}&#8221;][vc_column][vc_column_text]Karpi\u00f3wka &#8211; ul. W\u0142osie\u0144ska 39, Osiek &#8211; FOOD DELIVERY phone: 33-845-40-81 Tarni\u00f3wka Inn &#8211; Plac Tarni\u00f3wka 1, Osiek Molo Resort Restaurant &#8211; ul. G\u0142\u00f3wna 231 A, Osiek [\/vc_column_text][\/vc_column][\/vc_row][vc_row css=&#8221;.vc_custom_1505240391368{margin-bottom: 40px !important;}&#8221;][vc_column][vc_column_text]Lewiatan \u2013 ul. Ko\u015bcielna 1, Osiek Delfin \u2013 ul. G\u0142\u00f3wna 109A, Osiek Grocery store &#8220;GS&#8221; \u2013 ul. Browarna 3, Osiek[\/vc_column_text][\/vc_column][\/vc_row][vc_row css=&#8221;.vc_custom_1505240391368{margin-bottom: 40px !important;}&#8221;][vc_column][vc_column_text]www.taxi-oswiecim.pl\u00a0&#8211; phone: 607-362-740 www.taxioswiecim.pl\u00a0&#8211; phone:<\/p>\n<div class=\"h10\"><\/div>\n<p><a class=\"more-link2\" href=\"https:\/\/wichrowewzgorze.info\/en\/przydatne-adresy\/\">Read more<\/a><\/p>\n","protected":false},"author":1,"featured_media":0,"parent":0,"menu_order":0,"comment_status":"closed","ping_status":"closed","template":"","meta":{"footnotes":""},"class_list":["post-280","page","type-page","status-publish","hentry"],"yoast_head":"<!-- This site is optimized with the Yoast SEO plugin v27.4 - https:\/\/yoast.com\/product\/yoast-seo-wordpress\/ -->\n<title>Przydatne adresy - Agroturystyka Wichrowe Wzg\u00f3rze Osiek<\/title>\n<meta name=\"description\" content=\"Jeste\u015b w Osieku i szukasz adresy najwa\u017cniejszych miejsc? Koniecznie zajrzyj do tej strony. W niej s\u0105 informacje o wszystkich najwa\u017cniejszych adresach.\" \/>\n<meta name=\"robots\" content=\"index, follow, max-snippet:-1, max-image-preview:large, max-video-preview:-1\" \/>\n<link rel=\"canonical\" href=\"https:\/\/wichrowewzgorze.info\/przydatne-adresy\/\" \/>\n<meta property=\"og:locale\" content=\"en_US\" \/>\n<meta property=\"og:type\" content=\"article\" \/>\n<meta property=\"og:title\" content=\"Przydatne adresy - Agroturystyka Wichrowe Wzg\u00f3rze Osiek\" \/>\n<meta property=\"og:description\" content=\"Jeste\u015b w Osieku i szukasz adresy najwa\u017cniejszych miejsc? Koniecznie zajrzyj do tej strony. W niej s\u0105 informacje o wszystkich najwa\u017cniejszych adresach.\" \/>\n<meta property=\"og:url\" content=\"https:\/\/wichrowewzgorze.info\/przydatne-adresy\/\" \/>\n<meta property=\"og:site_name\" content=\"Noclegi MOLO Osiek\" \/>\n<meta property=\"article:publisher\" content=\"https:\/\/www.facebook.com\/wichrowewzgorze.info\" \/>\n<meta property=\"article:modified_time\" content=\"2018-08-04T13:01:11+00:00\" \/>\n<meta name=\"twitter:card\" content=\"summary_large_image\" \/>\n<meta name=\"twitter:label1\" content=\"Est. reading time\" \/>\n\t<meta name=\"twitter:data1\" content=\"6 minutes\" \/>\n<script type=\"application\/ld+json\" class=\"yoast-schema-graph\">{\"@context\":\"https:\\\/\\\/schema.org\",\"@graph\":[{\"@type\":\"WebPage\",\"@id\":\"https:\\\/\\\/wichrowewzgorze.info\\\/przydatne-adresy\\\/\",\"url\":\"https:\\\/\\\/wichrowewzgorze.info\\\/przydatne-adresy\\\/\",\"name\":\"Przydatne adresy - Agroturystyka Wichrowe Wzg\u00f3rze Osiek\",\"isPartOf\":{\"@id\":\"https:\\\/\\\/wichrowewzgorze.info\\\/#website\"},\"datePublished\":\"2017-08-05T09:13:50+00:00\",\"dateModified\":\"2018-08-04T13:01:11+00:00\",\"description\":\"Jeste\u015b w Osieku i szukasz adresy najwa\u017cniejszych miejsc? Koniecznie zajrzyj do tej strony. W niej s\u0105 informacje o wszystkich najwa\u017cniejszych adresach.\",\"breadcrumb\":{\"@id\":\"https:\\\/\\\/wichrowewzgorze.info\\\/przydatne-adresy\\\/#breadcrumb\"},\"inLanguage\":\"en-US\",\"potentialAction\":[{\"@type\":\"ReadAction\",\"target\":[\"https:\\\/\\\/wichrowewzgorze.info\\\/przydatne-adresy\\\/\"]}]},{\"@type\":\"BreadcrumbList\",\"@id\":\"https:\\\/\\\/wichrowewzgorze.info\\\/przydatne-adresy\\\/#breadcrumb\",\"itemListElement\":[{\"@type\":\"ListItem\",\"position\":1,\"name\":\"Home\",\"item\":\"https:\\\/\\\/wichrowewzgorze.info\\\/\"},{\"@type\":\"ListItem\",\"position\":2,\"name\":\"Przydatne adresy\"}]},{\"@type\":\"WebSite\",\"@id\":\"https:\\\/\\\/wichrowewzgorze.info\\\/#website\",\"url\":\"https:\\\/\\\/wichrowewzgorze.info\\\/\",\"name\":\"Noclegi MOLO Osiek\",\"description\":\"Agroturystyka Wichrowe Wzg\u00f3rze Osiek\",\"publisher\":{\"@id\":\"https:\\\/\\\/wichrowewzgorze.info\\\/#organization\"},\"potentialAction\":[{\"@type\":\"SearchAction\",\"target\":{\"@type\":\"EntryPoint\",\"urlTemplate\":\"https:\\\/\\\/wichrowewzgorze.info\\\/?s={search_term_string}\"},\"query-input\":{\"@type\":\"PropertyValueSpecification\",\"valueRequired\":true,\"valueName\":\"search_term_string\"}}],\"inLanguage\":\"en-US\"},{\"@type\":\"Organization\",\"@id\":\"https:\\\/\\\/wichrowewzgorze.info\\\/#organization\",\"name\":\"Noclegi MOLO Osiek\",\"url\":\"https:\\\/\\\/wichrowewzgorze.info\\\/\",\"logo\":{\"@type\":\"ImageObject\",\"inLanguage\":\"en-US\",\"@id\":\"https:\\\/\\\/wichrowewzgorze.info\\\/#\\\/schema\\\/logo\\\/image\\\/\",\"url\":\"https:\\\/\\\/wichrowewzgorze.info\\\/wp-content\\\/uploads\\\/logo_wichrowe_wzgorze_noclegi_osiek.jpg\",\"contentUrl\":\"https:\\\/\\\/wichrowewzgorze.info\\\/wp-content\\\/uploads\\\/logo_wichrowe_wzgorze_noclegi_osiek.jpg\",\"width\":196,\"height\":92,\"caption\":\"Noclegi MOLO Osiek\"},\"image\":{\"@id\":\"https:\\\/\\\/wichrowewzgorze.info\\\/#\\\/schema\\\/logo\\\/image\\\/\"},\"sameAs\":[\"https:\\\/\\\/www.facebook.com\\\/wichrowewzgorze.info\"]}]}<\/script>\n<!-- \/ Yoast SEO plugin. -->","yoast_head_json":{"title":"Przydatne adresy - Agroturystyka Wichrowe Wzg\u00f3rze Osiek","description":"Jeste\u015b w Osieku i szukasz adresy najwa\u017cniejszych miejsc? Koniecznie zajrzyj do tej strony. W niej s\u0105 informacje o wszystkich najwa\u017cniejszych adresach.","robots":{"index":"index","follow":"follow","max-snippet":"max-snippet:-1","max-image-preview":"max-image-preview:large","max-video-preview":"max-video-preview:-1"},"canonical":"https:\/\/wichrowewzgorze.info\/przydatne-adresy\/","og_locale":"en_US","og_type":"article","og_title":"Przydatne adresy - Agroturystyka Wichrowe Wzg\u00f3rze Osiek","og_description":"Jeste\u015b w Osieku i szukasz adresy najwa\u017cniejszych miejsc? Koniecznie zajrzyj do tej strony. W niej s\u0105 informacje o wszystkich najwa\u017cniejszych adresach.","og_url":"https:\/\/wichrowewzgorze.info\/przydatne-adresy\/","og_site_name":"Noclegi MOLO Osiek","article_publisher":"https:\/\/www.facebook.com\/wichrowewzgorze.info","article_modified_time":"2018-08-04T13:01:11+00:00","twitter_card":"summary_large_image","twitter_misc":{"Est. reading time":"6 minutes"},"schema":{"@context":"https:\/\/schema.org","@graph":[{"@type":"WebPage","@id":"https:\/\/wichrowewzgorze.info\/przydatne-adresy\/","url":"https:\/\/wichrowewzgorze.info\/przydatne-adresy\/","name":"Przydatne adresy - Agroturystyka Wichrowe Wzg\u00f3rze Osiek","isPartOf":{"@id":"https:\/\/wichrowewzgorze.info\/#website"},"datePublished":"2017-08-05T09:13:50+00:00","dateModified":"2018-08-04T13:01:11+00:00","description":"Jeste\u015b w Osieku i szukasz adresy najwa\u017cniejszych miejsc? Koniecznie zajrzyj do tej strony. W niej s\u0105 informacje o wszystkich najwa\u017cniejszych adresach.","breadcrumb":{"@id":"https:\/\/wichrowewzgorze.info\/przydatne-adresy\/#breadcrumb"},"inLanguage":"en-US","potentialAction":[{"@type":"ReadAction","target":["https:\/\/wichrowewzgorze.info\/przydatne-adresy\/"]}]},{"@type":"BreadcrumbList","@id":"https:\/\/wichrowewzgorze.info\/przydatne-adresy\/#breadcrumb","itemListElement":[{"@type":"ListItem","position":1,"name":"Home","item":"https:\/\/wichrowewzgorze.info\/"},{"@type":"ListItem","position":2,"name":"Przydatne adresy"}]},{"@type":"WebSite","@id":"https:\/\/wichrowewzgorze.info\/#website","url":"https:\/\/wichrowewzgorze.info\/","name":"Noclegi MOLO Osiek","description":"Agroturystyka Wichrowe Wzg\u00f3rze Osiek","publisher":{"@id":"https:\/\/wichrowewzgorze.info\/#organization"},"potentialAction":[{"@type":"SearchAction","target":{"@type":"EntryPoint","urlTemplate":"https:\/\/wichrowewzgorze.info\/?s={search_term_string}"},"query-input":{"@type":"PropertyValueSpecification","valueRequired":true,"valueName":"search_term_string"}}],"inLanguage":"en-US"},{"@type":"Organization","@id":"https:\/\/wichrowewzgorze.info\/#organization","name":"Noclegi MOLO Osiek","url":"https:\/\/wichrowewzgorze.info\/","logo":{"@type":"ImageObject","inLanguage":"en-US","@id":"https:\/\/wichrowewzgorze.info\/#\/schema\/logo\/image\/","url":"https:\/\/wichrowewzgorze.info\/wp-content\/uploads\/logo_wichrowe_wzgorze_noclegi_osiek.jpg","contentUrl":"https:\/\/wichrowewzgorze.info\/wp-content\/uploads\/logo_wichrowe_wzgorze_noclegi_osiek.jpg","width":196,"height":92,"caption":"Noclegi MOLO Osiek"},"image":{"@id":"https:\/\/wichrowewzgorze.info\/#\/schema\/logo\/image\/"},"sameAs":["https:\/\/www.facebook.com\/wichrowewzgorze.info"]}]}},"_links":{"self":[{"href":"https:\/\/wichrowewzgorze.info\/en\/wp-json\/wp\/v2\/pages\/280","targetHints":{"allow":["GET"]}}],"collection":[{"href":"https:\/\/wichrowewzgorze.info\/en\/wp-json\/wp\/v2\/pages"}],"about":[{"href":"https:\/\/wichrowewzgorze.info\/en\/wp-json\/wp\/v2\/types\/page"}],"author":[{"embeddable":true,"href":"https:\/\/wichrowewzgorze.info\/en\/wp-json\/wp\/v2\/users\/1"}],"replies":[{"embeddable":true,"href":"https:\/\/wichrowewzgorze.info\/en\/wp-json\/wp\/v2\/comments?post=280"}],"version-history":[{"count":0,"href":"https:\/\/wichrowewzgorze.info\/en\/wp-json\/wp\/v2\/pages\/280\/revisions"}],"wp:attachment":[{"href":"https:\/\/wichrowewzgorze.info\/en\/wp-json\/wp\/v2\/media?parent=280"}],"curies":[{"name":"wp","href":"https:\/\/api.w.org\/{rel}","templated":true}]}}