{"id":473,"date":"2018-03-07T18:29:04","date_gmt":"2018-03-07T17:29:04","guid":{"rendered":"https:\/\/wichrowewzgorze.info\/?page_id=473"},"modified":"2021-07-27T18:19:26","modified_gmt":"2021-07-27T16:19:26","slug":"faq","status":"publish","type":"page","link":"https:\/\/wichrowewzgorze.info\/en\/faq\/","title":{"rendered":"FAQ"},"content":{"rendered":"<div class=\"wpb-content-wrapper\"><p>[vc_row][vc_column]<h2 class=\"boc_heading  al_left  \"  style=\"margin-bottom: 20px;margin-top: 0px;color: #333333;font-size: 24px;\"><span>FAQ or<strong>questions and answers<\/strong><\/span><\/h2><div class=\"boc_divider_holder\"><div class=\"boc_divider  \"  style=\"margin-top: 20px;margin-bottom: 20px;width: 200px;height: 1px;background: #eeeeee;\"><\/div><\/div>[\/vc_column][\/vc_row][vc_row][vc_column]<div class=\"acc_holder  rounded with_bgr border\"><div class=\"acc_item\"><h4 class=\"accordion\"><span class=\"acc_control \"><\/span><span class=\"acc_heading\">WHAT IS THE CHECK-IN AND CHECK-OUT TIME?<\/span><\/h4><div class=\"accordion_content\">Check-in is from 15.00 on the day of arrival, check-out is till 10.00 on the day of departure.<\/div><\/div><div class=\"acc_item\"><h4 class=\"accordion\"><span class=\"acc_control \"><\/span><span class=\"acc_heading\">CAN I BRING ANIMALS WITH ME TO THE AGROTOURISM GUEST HOUSE?<\/span><\/h4><div class=\"accordion_content\">Yes, provided that they are small and well-mannered animals, they will not damage furniture and can be alone in the room for several hours.<\/div><\/div><div class=\"acc_item\"><h4 class=\"accordion\"><span class=\"acc_control \"><\/span><span class=\"acc_heading\">ARE MEALS INCLUDED IN THE STAY AT AGROTOURISM GUEST HOUSE?<\/span><\/h4><div class=\"accordion_content\">No, however you may use fully equipped kitchen and cook your own meals.<\/div><\/div><div class=\"acc_item\"><h4 class=\"accordion\"><span class=\"acc_control \"><\/span><span class=\"acc_heading\">IS THERE A PARKING AVAILABLE ON THE PREMISES?<\/span><\/h4><div class=\"accordion_content\">Yes, there is a free, unguarded parking on the premises and some additional parking spots in front of the property fence.<\/div><\/div><div class=\"acc_item\"><h4 class=\"accordion\"><span class=\"acc_control \"><\/span><span class=\"acc_heading\">CAN I PAY FOR MY STAY WITH A CREDIT OR DEBIT CARD?<\/span><\/h4><div class=\"accordion_content\">No, you can only pay in cash or by a bank transfer. <\/div><\/div><div class=\"acc_item\"><h4 class=\"accordion\"><span class=\"acc_control \"><\/span><span class=\"acc_heading\">IS A WI-FI NETWORK AVAILABLE AT THE GUEST HOUSE?<\/span><\/h4><div class=\"accordion_content\">Yes, our guests can enjoy free Wi-Fi.<\/div><\/div><div class=\"acc_item\"><h4 class=\"accordion\"><span class=\"acc_control \"><\/span><span class=\"acc_heading\">HOW OFTEN ARE THE ROOMS CLEANED?<\/span><\/h4><div class=\"accordion_content\">In case of longer stays the rooms are cleaned once a week.<\/div><\/div><div class=\"acc_item\"><h4 class=\"accordion\"><span class=\"acc_control \"><\/span><span class=\"acc_heading\">CAN I MAKE A BONFIRE, USE THE GRILL?<\/span><\/h4><div class=\"accordion_content\">Yes, you can. Wood is free, but you must always mind other guests staying in the guest house.<\/div><\/div><div class=\"acc_item\"><h4 class=\"accordion\"><span class=\"acc_control \"><\/span><span class=\"acc_heading\">WHERE IS THE NEAREST GROCERY STORE?<\/span><\/h4><div class=\"accordion_content\">The nearest store is about 1 km away from the guest house. Two other stores are 2.9 and 3.2 km away. Larger supermarkets can be found in O\u015bwi\u0119cim and K\u0119ty.<\/div><\/div><div class=\"acc_item\"><h4 class=\"accordion\"><span class=\"acc_control \"><\/span><span class=\"acc_heading\">IS THERE A WASHING MACHINE AVAILABLE IN THE GUEST HOUSE?<\/span><\/h4><div class=\"accordion_content\">No, there is no washing machine available on the premises, however you can have your clothes washed for PLN 20 per one wash.<\/div><\/div><\/div>[\/vc_column][\/vc_row]<\/p>\n<\/div>","protected":false},"excerpt":{"rendered":"<p>[vc_row][vc_column][\/vc_column][\/vc_row][vc_row][vc_column][\/vc_column][\/vc_row]<\/p>\n","protected":false},"author":1,"featured_media":0,"parent":0,"menu_order":0,"comment_status":"closed","ping_status":"closed","template":"","meta":{"footnotes":""},"class_list":["post-473","page","type-page","status-publish","hentry"],"yoast_head":"<!-- This site is optimized with the Yoast SEO plugin v27.4 - https:\/\/yoast.com\/product\/yoast-seo-wordpress\/ -->\n<title>FAQ - Noclegi MOLO Osiek<\/title>\n<meta name=\"robots\" content=\"index, follow, max-snippet:-1, max-image-preview:large, max-video-preview:-1\" \/>\n<link rel=\"canonical\" href=\"https:\/\/wichrowewzgorze.info\/faq\/\" \/>\n<meta property=\"og:locale\" content=\"en_US\" \/>\n<meta property=\"og:type\" content=\"article\" \/>\n<meta property=\"og:title\" content=\"FAQ - Noclegi MOLO Osiek\" \/>\n<meta property=\"og:description\" content=\"[vc_row][vc_column][\/vc_column][\/vc_row][vc_row][vc_column][\/vc_column][\/vc_row]\" \/>\n<meta property=\"og:url\" content=\"https:\/\/wichrowewzgorze.info\/faq\/\" \/>\n<meta property=\"og:site_name\" content=\"Noclegi MOLO Osiek\" \/>\n<meta property=\"article:publisher\" content=\"https:\/\/www.facebook.com\/wichrowewzgorze.info\" \/>\n<meta property=\"article:modified_time\" content=\"2021-07-27T16:19:26+00:00\" \/>\n<meta name=\"twitter:card\" content=\"summary_large_image\" \/>\n<meta name=\"twitter:label1\" content=\"Est. reading time\" \/>\n\t<meta name=\"twitter:data1\" content=\"2 minutes\" \/>\n<script type=\"application\/ld+json\" class=\"yoast-schema-graph\">{\"@context\":\"https:\\\/\\\/schema.org\",\"@graph\":[{\"@type\":\"WebPage\",\"@id\":\"https:\\\/\\\/wichrowewzgorze.info\\\/faq\\\/\",\"url\":\"https:\\\/\\\/wichrowewzgorze.info\\\/faq\\\/\",\"name\":\"FAQ - Noclegi MOLO Osiek\",\"isPartOf\":{\"@id\":\"https:\\\/\\\/wichrowewzgorze.info\\\/#website\"},\"datePublished\":\"2018-03-07T17:29:04+00:00\",\"dateModified\":\"2021-07-27T16:19:26+00:00\",\"breadcrumb\":{\"@id\":\"https:\\\/\\\/wichrowewzgorze.info\\\/faq\\\/#breadcrumb\"},\"inLanguage\":\"en-US\",\"potentialAction\":[{\"@type\":\"ReadAction\",\"target\":[\"https:\\\/\\\/wichrowewzgorze.info\\\/faq\\\/\"]}]},{\"@type\":\"BreadcrumbList\",\"@id\":\"https:\\\/\\\/wichrowewzgorze.info\\\/faq\\\/#breadcrumb\",\"itemListElement\":[{\"@type\":\"ListItem\",\"position\":1,\"name\":\"Home\",\"item\":\"https:\\\/\\\/wichrowewzgorze.info\\\/\"},{\"@type\":\"ListItem\",\"position\":2,\"name\":\"FAQ\"}]},{\"@type\":\"WebSite\",\"@id\":\"https:\\\/\\\/wichrowewzgorze.info\\\/#website\",\"url\":\"https:\\\/\\\/wichrowewzgorze.info\\\/\",\"name\":\"Noclegi MOLO Osiek\",\"description\":\"Agroturystyka Wichrowe Wzg\u00f3rze Osiek\",\"publisher\":{\"@id\":\"https:\\\/\\\/wichrowewzgorze.info\\\/#organization\"},\"potentialAction\":[{\"@type\":\"SearchAction\",\"target\":{\"@type\":\"EntryPoint\",\"urlTemplate\":\"https:\\\/\\\/wichrowewzgorze.info\\\/?s={search_term_string}\"},\"query-input\":{\"@type\":\"PropertyValueSpecification\",\"valueRequired\":true,\"valueName\":\"search_term_string\"}}],\"inLanguage\":\"en-US\"},{\"@type\":\"Organization\",\"@id\":\"https:\\\/\\\/wichrowewzgorze.info\\\/#organization\",\"name\":\"Noclegi MOLO Osiek\",\"url\":\"https:\\\/\\\/wichrowewzgorze.info\\\/\",\"logo\":{\"@type\":\"ImageObject\",\"inLanguage\":\"en-US\",\"@id\":\"https:\\\/\\\/wichrowewzgorze.info\\\/#\\\/schema\\\/logo\\\/image\\\/\",\"url\":\"https:\\\/\\\/wichrowewzgorze.info\\\/wp-content\\\/uploads\\\/logo_wichrowe_wzgorze_noclegi_osiek.jpg\",\"contentUrl\":\"https:\\\/\\\/wichrowewzgorze.info\\\/wp-content\\\/uploads\\\/logo_wichrowe_wzgorze_noclegi_osiek.jpg\",\"width\":196,\"height\":92,\"caption\":\"Noclegi MOLO Osiek\"},\"image\":{\"@id\":\"https:\\\/\\\/wichrowewzgorze.info\\\/#\\\/schema\\\/logo\\\/image\\\/\"},\"sameAs\":[\"https:\\\/\\\/www.facebook.com\\\/wichrowewzgorze.info\"]}]}<\/script>\n<!-- \/ Yoast SEO plugin. -->","yoast_head_json":{"title":"FAQ - Noclegi MOLO Osiek","robots":{"index":"index","follow":"follow","max-snippet":"max-snippet:-1","max-image-preview":"max-image-preview:large","max-video-preview":"max-video-preview:-1"},"canonical":"https:\/\/wichrowewzgorze.info\/faq\/","og_locale":"en_US","og_type":"article","og_title":"FAQ - Noclegi MOLO Osiek","og_description":"[vc_row][vc_column][\/vc_column][\/vc_row][vc_row][vc_column][\/vc_column][\/vc_row]","og_url":"https:\/\/wichrowewzgorze.info\/faq\/","og_site_name":"Noclegi MOLO Osiek","article_publisher":"https:\/\/www.facebook.com\/wichrowewzgorze.info","article_modified_time":"2021-07-27T16:19:26+00:00","twitter_card":"summary_large_image","twitter_misc":{"Est. reading time":"2 minutes"},"schema":{"@context":"https:\/\/schema.org","@graph":[{"@type":"WebPage","@id":"https:\/\/wichrowewzgorze.info\/faq\/","url":"https:\/\/wichrowewzgorze.info\/faq\/","name":"FAQ - Noclegi MOLO Osiek","isPartOf":{"@id":"https:\/\/wichrowewzgorze.info\/#website"},"datePublished":"2018-03-07T17:29:04+00:00","dateModified":"2021-07-27T16:19:26+00:00","breadcrumb":{"@id":"https:\/\/wichrowewzgorze.info\/faq\/#breadcrumb"},"inLanguage":"en-US","potentialAction":[{"@type":"ReadAction","target":["https:\/\/wichrowewzgorze.info\/faq\/"]}]},{"@type":"BreadcrumbList","@id":"https:\/\/wichrowewzgorze.info\/faq\/#breadcrumb","itemListElement":[{"@type":"ListItem","position":1,"name":"Home","item":"https:\/\/wichrowewzgorze.info\/"},{"@type":"ListItem","position":2,"name":"FAQ"}]},{"@type":"WebSite","@id":"https:\/\/wichrowewzgorze.info\/#website","url":"https:\/\/wichrowewzgorze.info\/","name":"Noclegi MOLO Osiek","description":"Agroturystyka Wichrowe Wzg\u00f3rze Osiek","publisher":{"@id":"https:\/\/wichrowewzgorze.info\/#organization"},"potentialAction":[{"@type":"SearchAction","target":{"@type":"EntryPoint","urlTemplate":"https:\/\/wichrowewzgorze.info\/?s={search_term_string}"},"query-input":{"@type":"PropertyValueSpecification","valueRequired":true,"valueName":"search_term_string"}}],"inLanguage":"en-US"},{"@type":"Organization","@id":"https:\/\/wichrowewzgorze.info\/#organization","name":"Noclegi MOLO Osiek","url":"https:\/\/wichrowewzgorze.info\/","logo":{"@type":"ImageObject","inLanguage":"en-US","@id":"https:\/\/wichrowewzgorze.info\/#\/schema\/logo\/image\/","url":"https:\/\/wichrowewzgorze.info\/wp-content\/uploads\/logo_wichrowe_wzgorze_noclegi_osiek.jpg","contentUrl":"https:\/\/wichrowewzgorze.info\/wp-content\/uploads\/logo_wichrowe_wzgorze_noclegi_osiek.jpg","width":196,"height":92,"caption":"Noclegi MOLO Osiek"},"image":{"@id":"https:\/\/wichrowewzgorze.info\/#\/schema\/logo\/image\/"},"sameAs":["https:\/\/www.facebook.com\/wichrowewzgorze.info"]}]}},"_links":{"self":[{"href":"https:\/\/wichrowewzgorze.info\/en\/wp-json\/wp\/v2\/pages\/473","targetHints":{"allow":["GET"]}}],"collection":[{"href":"https:\/\/wichrowewzgorze.info\/en\/wp-json\/wp\/v2\/pages"}],"about":[{"href":"https:\/\/wichrowewzgorze.info\/en\/wp-json\/wp\/v2\/types\/page"}],"author":[{"embeddable":true,"href":"https:\/\/wichrowewzgorze.info\/en\/wp-json\/wp\/v2\/users\/1"}],"replies":[{"embeddable":true,"href":"https:\/\/wichrowewzgorze.info\/en\/wp-json\/wp\/v2\/comments?post=473"}],"version-history":[{"count":2,"href":"https:\/\/wichrowewzgorze.info\/en\/wp-json\/wp\/v2\/pages\/473\/revisions"}],"predecessor-version":[{"id":1497,"href":"https:\/\/wichrowewzgorze.info\/en\/wp-json\/wp\/v2\/pages\/473\/revisions\/1497"}],"wp:attachment":[{"href":"https:\/\/wichrowewzgorze.info\/en\/wp-json\/wp\/v2\/media?parent=473"}],"curies":[{"name":"wp","href":"https:\/\/api.w.org\/{rel}","templated":true}]}}